{"id":2359,"date":"2018-06-26T13:57:51","date_gmt":"2018-06-26T13:57:51","guid":{"rendered":"https:\/\/www.practicbcn.com\/noticias\/"},"modified":"2025-06-26T14:59:27","modified_gmt":"2025-06-26T14:59:27","slug":"noticies-actualitat-oposicions-a-barcelona","status":"publish","type":"page","link":"https:\/\/www.practicbcn.com\/ca\/noticies-actualitat-oposicions-a-barcelona\/","title":{"rendered":"Not\u00edcies"},"content":{"rendered":"<p>[et_pb_section fb_built=&#8221;1&#8243; _builder_version=&#8221;4.27.4&#8243; _module_preset=&#8221;default&#8221; background_color=&#8221;#009bd8&#8243; min_height=&#8221;254.9px&#8221; custom_margin=&#8221;||||false|false&#8221; custom_padding=&#8221;0px||0px||true|false&#8221; global_colors_info=&#8221;{}&#8221;][et_pb_row column_structure=&#8221;1_3,1_3,1_3&#8243; use_custom_gutter=&#8221;on&#8221; gutter_width=&#8221;1&#8243; make_equal=&#8221;on&#8221; _builder_version=&#8221;4.16&#8243; _module_preset=&#8221;default&#8221; width=&#8221;100%&#8221; max_width=&#8221;2560px&#8221; min_height=&#8221;257.9px&#8221; custom_margin=&#8221;||||false|false&#8221; custom_margin_last_edited=&#8221;off|desktop&#8221; custom_padding=&#8221;0px||0px||false|false&#8221; global_colors_info=&#8221;{}&#8221;][et_pb_column type=&#8221;1_3&#8243; _builder_version=&#8221;4.16&#8243; _module_preset=&#8221;default&#8221; global_colors_info=&#8221;{}&#8221;][et_pb_image src=&#8221;https:\/\/www.practicbcn.com\/wp-content\/uploads\/2021\/08\/circulo-06_2-06.png&#8221; alt=&#8221;practic-barcelona-oposiciones&#8221; title_text=&#8221;practic-barcelona-oposiciones&#8221; src_tablet=&#8221;https:\/\/www.practicbcn.com\/wp-content\/uploads\/2021\/09\/practic-barcelona-oposiciones.png&#8221; src_phone=&#8221;&#8221; src_last_edited=&#8221;on|tablet&#8221; _builder_version=&#8221;4.16&#8243; _module_preset=&#8221;default&#8221; custom_margin=&#8221;||||false|false&#8221; custom_margin_tablet=&#8221;0px||||false|false&#8221; custom_margin_phone=&#8221;&#8221; custom_margin_last_edited=&#8221;on|tablet&#8221; global_colors_info=&#8221;{}&#8221;][\/et_pb_image][\/et_pb_column][et_pb_column type=&#8221;1_3&#8243; _builder_version=&#8221;4.16&#8243; _module_preset=&#8221;default&#8221; global_colors_info=&#8221;{}&#8221;][et_pb_text _builder_version=&#8221;4.16&#8243; _module_preset=&#8221;default&#8221; text_font=&#8221;|600|||||||&#8221; text_text_color=&#8221;#FFFFFF&#8221; text_font_size=&#8221;22px&#8221; text_line_height=&#8221;1.3em&#8221; header_font=&#8221;Montserrat|800|||||||&#8221; header_text_color=&#8221;#FFFFFF&#8221; header_font_size=&#8221;60px&#8221; header_2_font=&#8221;Montserrat|900|||||||&#8221; header_2_text_align=&#8221;center&#8221; header_2_text_color=&#8221;#FFFFFF&#8221; header_2_font_size=&#8221;39px&#8221; text_orientation=&#8221;center&#8221; custom_margin=&#8221;50px|-235px|50px|-235px|false|true&#8221; custom_margin_tablet=&#8221;0px|0px|0px|20px|false|false&#8221; custom_margin_phone=&#8221;|20px|||false|false&#8221; custom_margin_last_edited=&#8221;on|desktop&#8221; global_colors_info=&#8221;{}&#8221;]<\/p>\n<h1 style=\"text-align: center;\">Not\u00edcies<\/h1>\n<p>Not\u00edcies importants sobre el m\u00f3n de les oposicions, tant estatals com del Ajuntament o la Generalitat.<\/p>\n<p>[\/et_pb_text][\/et_pb_column][et_pb_column type=&#8221;1_3&#8243; _builder_version=&#8221;4.16&#8243; _module_preset=&#8221;default&#8221; global_colors_info=&#8221;{}&#8221;][et_pb_image src=&#8221;https:\/\/www.practicbcn.com\/wp-content\/uploads\/2021\/08\/LINEAS_2-07.png&#8221; alt=&#8221;Solicita informaci\u00f3n Practic Barcelona&#8221; title_text=&#8221;Solicita informaci\u00f3n Practic Barcelona&#8221; align_tablet=&#8221;right&#8221; align_phone=&#8221;&#8221; align_last_edited=&#8221;on|tablet&#8221; _builder_version=&#8221;4.16&#8243; _module_preset=&#8221;default&#8221; custom_margin=&#8221;80px||||false|false&#8221; custom_margin_tablet=&#8221;-42px||||false|false&#8221; custom_margin_phone=&#8221;&#8221; custom_margin_last_edited=&#8221;on|desktop&#8221; custom_padding=&#8221;||0px||false|false&#8221; global_colors_info=&#8221;{}&#8221;][\/et_pb_image][\/et_pb_column][\/et_pb_row][\/et_pb_section][et_pb_section fb_built=&#8221;1&#8243; admin_label=&#8221;Blog Section&#8221; _builder_version=&#8221;4.16&#8243; background_color=&#8221;#fafbfc&#8221; custom_padding=&#8221;10px|0px|110px|0px|false|false&#8221; global_colors_info=&#8221;{}&#8221;][et_pb_row _builder_version=&#8221;4.16&#8243; max_width=&#8221;1080px&#8221; global_colors_info=&#8221;{}&#8221;][et_pb_column type=&#8221;4_4&#8243; _builder_version=&#8221;4.16&#8243; custom_padding=&#8221;|||&#8221; global_colors_info=&#8221;{}&#8221; custom_padding__hover=&#8221;|||&#8221;][et_pb_blog_extras posts_number=&#8221;12&#8243; include_categories=&#8221;221&#8243; blog_layout=&#8221;block_extended&#8221; meta_date=&#8221;j M, Y&#8221; read_more_text=&#8221;veure m\u00e9s&#8221; show_author=&#8221;off&#8221; show_categories=&#8221;off&#8221; show_comments=&#8221;off&#8221; show_load_more=&#8221;on&#8221; load_more_text=&#8221;veure m\u00e9s&#8221; show_less_text=&#8221;veure menys&#8221; _builder_version=&#8221;4.27.4&#8243; _module_preset=&#8221;default&#8221; hover_enabled=&#8221;0&#8243; border_radii=&#8221;on|15px|15px|15px|15px&#8221; box_shadow_style=&#8221;preset1&#8243; global_colors_info=&#8221;{}&#8221; use_manual_excerpt=&#8221;off&#8221; sticky_enabled=&#8221;0&#8243;][\/et_pb_blog_extras][\/et_pb_column][\/et_pb_row][\/et_pb_section]<\/p>\n","protected":false},"excerpt":{"rendered":"<p>Not\u00edcies Not\u00edcies importants sobre el m\u00f3n de les oposicions, tant estatals com del Ajuntament o la Generalitat.<\/p>\n","protected":false},"author":3,"featured_media":0,"parent":0,"menu_order":0,"comment_status":"closed","ping_status":"closed","template":"","meta":{"_et_pb_use_builder":"on","_et_pb_old_content":"","_et_gb_content_width":"","footnotes":""},"class_list":["post-2359","page","type-page","status-publish","hentry"],"yoast_head":"<!-- This site is optimized with the Yoast SEO Premium plugin v22.8 (Yoast SEO v27.2) - https:\/\/yoast.com\/product\/yoast-seo-premium-wordpress\/ -->\n<title>Not\u00edcies - academia oposiciones Barcelona<\/title>\n<meta name=\"robots\" content=\"index, follow, max-snippet:-1, max-image-preview:large, max-video-preview:-1\" \/>\n<link rel=\"canonical\" href=\"https:\/\/www.practicbcn.com\/ca\/noticies-actualitat-oposicions-a-barcelona\/\" \/>\n<meta property=\"og:locale\" content=\"ca_ES\" \/>\n<meta property=\"og:type\" content=\"article\" \/>\n<meta property=\"og:title\" content=\"Not\u00edcies\" \/>\n<meta property=\"og:description\" content=\"Not\u00edcies Not\u00edcies importants sobre el m\u00f3n de les oposicions, tant estatals com del Ajuntament o la Generalitat.\" \/>\n<meta property=\"og:url\" content=\"https:\/\/www.practicbcn.com\/ca\/noticies-actualitat-oposicions-a-barcelona\/\" \/>\n<meta property=\"og:site_name\" content=\"academia oposiciones Barcelona\" \/>\n<meta property=\"article:modified_time\" content=\"2025-06-26T14:59:27+00:00\" \/>\n<meta name=\"twitter:card\" content=\"summary_large_image\" \/>\n<meta name=\"twitter:label1\" content=\"Temps estimat de lectura\" \/>\n\t<meta name=\"twitter:data1\" content=\"7 minuts\" \/>\n<script type=\"application\/ld+json\" class=\"yoast-schema-graph\">{\"@context\":\"https:\/\/schema.org\",\"@graph\":[{\"@type\":\"WebPage\",\"@id\":\"https:\/\/www.practicbcn.com\/ca\/noticies-actualitat-oposicions-a-barcelona\/\",\"url\":\"https:\/\/www.practicbcn.com\/ca\/noticies-actualitat-oposicions-a-barcelona\/\",\"name\":\"Not\u00edcies - academia oposiciones Barcelona\",\"isPartOf\":{\"@id\":\"https:\/\/www.practicbcn.com\/ca\/#website\"},\"datePublished\":\"2018-06-26T13:57:51+00:00\",\"dateModified\":\"2025-06-26T14:59:27+00:00\",\"breadcrumb\":{\"@id\":\"https:\/\/www.practicbcn.com\/ca\/noticies-actualitat-oposicions-a-barcelona\/#breadcrumb\"},\"inLanguage\":\"ca\",\"potentialAction\":[{\"@type\":\"ReadAction\",\"target\":[\"https:\/\/www.practicbcn.com\/ca\/noticies-actualitat-oposicions-a-barcelona\/\"]}]},{\"@type\":\"BreadcrumbList\",\"@id\":\"https:\/\/www.practicbcn.com\/ca\/noticies-actualitat-oposicions-a-barcelona\/#breadcrumb\",\"itemListElement\":[{\"@type\":\"ListItem\",\"position\":1,\"name\":\"Portada\",\"item\":\"https:\/\/www.practicbcn.com\/ca\/\"},{\"@type\":\"ListItem\",\"position\":2,\"name\":\"Not\u00edcies\"}]},{\"@type\":\"WebSite\",\"@id\":\"https:\/\/www.practicbcn.com\/ca\/#website\",\"url\":\"https:\/\/www.practicbcn.com\/ca\/\",\"name\":\"academia oposiciones Barcelona\",\"description\":\"academia oposiciones Barcelona PracticBCN Preparaci\u00f3n de opositores\",\"publisher\":{\"@id\":\"https:\/\/www.practicbcn.com\/ca\/#organization\"},\"potentialAction\":[{\"@type\":\"SearchAction\",\"target\":{\"@type\":\"EntryPoint\",\"urlTemplate\":\"https:\/\/www.practicbcn.com\/ca\/?s={search_term_string}\"},\"query-input\":{\"@type\":\"PropertyValueSpecification\",\"valueRequired\":true,\"valueName\":\"search_term_string\"}}],\"inLanguage\":\"ca\"},{\"@type\":\"Organization\",\"@id\":\"https:\/\/www.practicbcn.com\/ca\/#organization\",\"name\":\"Practic BCN\",\"url\":\"https:\/\/www.practicbcn.com\/ca\/\",\"logo\":{\"@type\":\"ImageObject\",\"inLanguage\":\"ca\",\"@id\":\"https:\/\/www.practicbcn.com\/ca\/#\/schema\/logo\/image\/\",\"url\":\"https:\/\/www.practicbcn.com\/wp-content\/uploads\/2018\/01\/LOGO-PRACTIC.jpg\",\"contentUrl\":\"https:\/\/www.practicbcn.com\/wp-content\/uploads\/2018\/01\/LOGO-PRACTIC.jpg\",\"width\":679,\"height\":676,\"caption\":\"Practic BCN\"},\"image\":{\"@id\":\"https:\/\/www.practicbcn.com\/ca\/#\/schema\/logo\/image\/\"}}]}<\/script>\n<!-- \/ Yoast SEO Premium plugin. -->","yoast_head_json":{"title":"Not\u00edcies - academia oposiciones Barcelona","robots":{"index":"index","follow":"follow","max-snippet":"max-snippet:-1","max-image-preview":"max-image-preview:large","max-video-preview":"max-video-preview:-1"},"canonical":"https:\/\/www.practicbcn.com\/ca\/noticies-actualitat-oposicions-a-barcelona\/","og_locale":"ca_ES","og_type":"article","og_title":"Not\u00edcies","og_description":"Not\u00edcies Not\u00edcies importants sobre el m\u00f3n de les oposicions, tant estatals com del Ajuntament o la Generalitat.","og_url":"https:\/\/www.practicbcn.com\/ca\/noticies-actualitat-oposicions-a-barcelona\/","og_site_name":"academia oposiciones Barcelona","article_modified_time":"2025-06-26T14:59:27+00:00","twitter_card":"summary_large_image","twitter_misc":{"Temps estimat de lectura":"7 minuts"},"schema":{"@context":"https:\/\/schema.org","@graph":[{"@type":"WebPage","@id":"https:\/\/www.practicbcn.com\/ca\/noticies-actualitat-oposicions-a-barcelona\/","url":"https:\/\/www.practicbcn.com\/ca\/noticies-actualitat-oposicions-a-barcelona\/","name":"Not\u00edcies - academia oposiciones Barcelona","isPartOf":{"@id":"https:\/\/www.practicbcn.com\/ca\/#website"},"datePublished":"2018-06-26T13:57:51+00:00","dateModified":"2025-06-26T14:59:27+00:00","breadcrumb":{"@id":"https:\/\/www.practicbcn.com\/ca\/noticies-actualitat-oposicions-a-barcelona\/#breadcrumb"},"inLanguage":"ca","potentialAction":[{"@type":"ReadAction","target":["https:\/\/www.practicbcn.com\/ca\/noticies-actualitat-oposicions-a-barcelona\/"]}]},{"@type":"BreadcrumbList","@id":"https:\/\/www.practicbcn.com\/ca\/noticies-actualitat-oposicions-a-barcelona\/#breadcrumb","itemListElement":[{"@type":"ListItem","position":1,"name":"Portada","item":"https:\/\/www.practicbcn.com\/ca\/"},{"@type":"ListItem","position":2,"name":"Not\u00edcies"}]},{"@type":"WebSite","@id":"https:\/\/www.practicbcn.com\/ca\/#website","url":"https:\/\/www.practicbcn.com\/ca\/","name":"academia oposiciones Barcelona","description":"academia oposiciones Barcelona PracticBCN Preparaci\u00f3n de opositores","publisher":{"@id":"https:\/\/www.practicbcn.com\/ca\/#organization"},"potentialAction":[{"@type":"SearchAction","target":{"@type":"EntryPoint","urlTemplate":"https:\/\/www.practicbcn.com\/ca\/?s={search_term_string}"},"query-input":{"@type":"PropertyValueSpecification","valueRequired":true,"valueName":"search_term_string"}}],"inLanguage":"ca"},{"@type":"Organization","@id":"https:\/\/www.practicbcn.com\/ca\/#organization","name":"Practic BCN","url":"https:\/\/www.practicbcn.com\/ca\/","logo":{"@type":"ImageObject","inLanguage":"ca","@id":"https:\/\/www.practicbcn.com\/ca\/#\/schema\/logo\/image\/","url":"https:\/\/www.practicbcn.com\/wp-content\/uploads\/2018\/01\/LOGO-PRACTIC.jpg","contentUrl":"https:\/\/www.practicbcn.com\/wp-content\/uploads\/2018\/01\/LOGO-PRACTIC.jpg","width":679,"height":676,"caption":"Practic BCN"},"image":{"@id":"https:\/\/www.practicbcn.com\/ca\/#\/schema\/logo\/image\/"}}]}},"_links":{"self":[{"href":"https:\/\/www.practicbcn.com\/ca\/wp-json\/wp\/v2\/pages\/2359","targetHints":{"allow":["GET"]}}],"collection":[{"href":"https:\/\/www.practicbcn.com\/ca\/wp-json\/wp\/v2\/pages"}],"about":[{"href":"https:\/\/www.practicbcn.com\/ca\/wp-json\/wp\/v2\/types\/page"}],"author":[{"embeddable":true,"href":"https:\/\/www.practicbcn.com\/ca\/wp-json\/wp\/v2\/users\/3"}],"replies":[{"embeddable":true,"href":"https:\/\/www.practicbcn.com\/ca\/wp-json\/wp\/v2\/comments?post=2359"}],"version-history":[{"count":0,"href":"https:\/\/www.practicbcn.com\/ca\/wp-json\/wp\/v2\/pages\/2359\/revisions"}],"wp:attachment":[{"href":"https:\/\/www.practicbcn.com\/ca\/wp-json\/wp\/v2\/media?parent=2359"}],"curies":[{"name":"wp","href":"https:\/\/api.w.org\/{rel}","templated":true}]}}