{"id":2228,"date":"2018-06-15T07:10:34","date_gmt":"2018-06-15T07:10:34","guid":{"rendered":"https:\/\/www.practicbcn.com\/contacto-2\/"},"modified":"2026-01-22T16:00:33","modified_gmt":"2026-01-22T16:00:33","slug":"contacta-ara","status":"publish","type":"page","link":"https:\/\/www.practicbcn.com\/ca\/contacta-ara\/","title":{"rendered":"Contacte"},"content":{"rendered":"<p>[et_pb_section fb_built=&#8221;1&#8243; custom_padding_last_edited=&#8221;on|desktop&#8221; _builder_version=&#8221;4.27.4&#8243; _module_preset=&#8221;default&#8221; background_image=&#8221;https:\/\/www.practicbcn.com\/wp-content\/uploads\/2021\/09\/contacto-practic-bcn-academia-oposiciones.jpg&#8221; custom_padding=&#8221;200px||200px||true|false&#8221; custom_padding_tablet=&#8221;100px||100px||true|false&#8221; custom_padding_phone=&#8221;50px||50px||true|false&#8221; global_colors_info=&#8221;{}&#8221;][et_pb_row _builder_version=&#8221;4.16&#8243; _module_preset=&#8221;default&#8221; width_tablet=&#8221;&#8221; width_phone=&#8221;90%&#8221; width_last_edited=&#8221;on|phone&#8221; global_colors_info=&#8221;{}&#8221;][et_pb_column type=&#8221;4_4&#8243; _builder_version=&#8221;4.16&#8243; _module_preset=&#8221;default&#8221; global_colors_info=&#8221;{}&#8221;][et_pb_text _builder_version=&#8221;4.27.4&#8243; _module_preset=&#8221;default&#8221; header_font=&#8221;Montserrat|700|||||||&#8221; header_text_align=&#8221;center&#8221; header_text_color=&#8221;#FFFFFF&#8221; header_font_size=&#8221;80px&#8221; header_font_size_tablet=&#8221;&#8221; header_font_size_phone=&#8221;45px&#8221; header_font_size_last_edited=&#8221;on|phone&#8221; global_colors_info=&#8221;{}&#8221;]<\/p>\n<h1>Contacta amb<br \/>Practic Bcn<\/h1>\n<p>[\/et_pb_text][\/et_pb_column][\/et_pb_row][\/et_pb_section][et_pb_section fb_built=&#8221;1&#8243; custom_padding_last_edited=&#8221;on|phone&#8221; _builder_version=&#8221;4.27.4&#8243; _module_preset=&#8221;default&#8221; background_color=&#8221;#009bd8&#8243; background_image=&#8221;https:\/\/www.practicbcn.com\/wp-content\/uploads\/2021\/09\/practic-bcn-contacto.png&#8221; custom_padding_tablet=&#8221;&#8221; custom_padding_phone=&#8221;20px||20px||true|false&#8221; background_last_edited=&#8221;on|phone&#8221; background_size_tablet=&#8221;contain&#8221; background_size_phone=&#8221;contain&#8221; global_colors_info=&#8221;{}&#8221;][et_pb_row _builder_version=&#8221;4.16&#8243; _module_preset=&#8221;default&#8221; width_tablet=&#8221;&#8221; width_phone=&#8221;&#8221; width_last_edited=&#8221;on|phone&#8221; custom_padding=&#8221;0px||0px||true|false&#8221; global_colors_info=&#8221;{}&#8221;][et_pb_column type=&#8221;4_4&#8243; _builder_version=&#8221;4.16&#8243; _module_preset=&#8221;default&#8221; global_colors_info=&#8221;{}&#8221;][et_pb_text _builder_version=&#8221;4.27.4&#8243; _module_preset=&#8221;default&#8221; header_2_font=&#8221;Montserrat|700|||||||&#8221; header_2_text_align=&#8221;center&#8221; header_2_text_color=&#8221;#FFFFFF&#8221; header_2_font_size=&#8221;60px&#8221; header_2_font_size_tablet=&#8221;55px&#8221; header_2_font_size_phone=&#8221;30px&#8221; header_2_font_size_last_edited=&#8221;on|phone&#8221; global_colors_info=&#8221;{}&#8221;]<\/p>\n<h2>Estarem molt contents<br \/>d\u00b4ajudar-te<\/h2>\n<p>[\/et_pb_text][\/et_pb_column][\/et_pb_row][\/et_pb_section][et_pb_section fb_built=&#8221;1&#8243; _builder_version=&#8221;4.16&#8243; _module_preset=&#8221;default&#8221; custom_padding=&#8221;0px||0px||true|false&#8221; global_colors_info=&#8221;{}&#8221;][et_pb_row custom_padding_last_edited=&#8221;on|desktop&#8221; _builder_version=&#8221;4.16&#8243; _module_preset=&#8221;default&#8221; width_tablet=&#8221;&#8221; width_phone=&#8221;100%&#8221; width_last_edited=&#8221;on|phone&#8221; custom_padding=&#8221;||0px||false|false&#8221; custom_padding_tablet=&#8221;&#8221; custom_padding_phone=&#8221;0px||||false|false&#8221; global_colors_info=&#8221;{}&#8221;][et_pb_column type=&#8221;4_4&#8243; _builder_version=&#8221;4.16&#8243; _module_preset=&#8221;default&#8221; global_colors_info=&#8221;{}&#8221;][et_pb_code _builder_version=&#8221;4.27.4&#8243; _module_preset=&#8221;default&#8221; text_orientation=&#8221;center&#8221; global_colors_info=&#8221;{}&#8221;]<iframe loading=\"lazy\" src=\"https:\/\/www.practicbcn.com\/formulario\/form.php\" width=\"400\" height=\"650\" frameborder=\"0\" scrolling=\"no\"><\/iframe>[\/et_pb_code][\/et_pb_column][\/et_pb_row][\/et_pb_section][et_pb_section fb_built=&#8221;1&#8243; _builder_version=&#8221;4.17.6&#8243; inner_width_tablet=&#8221;50px&#8221; inner_max_width_tablet=&#8221;50px&#8221; custom_padding=&#8221;50px|0px|6px|0px|false|false&#8221; z_index_tablet=&#8221;500&#8243; global_module=&#8221;2670&#8243; global_colors_info=&#8221;{}&#8221;][et_pb_row _builder_version=&#8221;4.16&#8243; background_size=&#8221;initial&#8221; background_position=&#8221;top_left&#8221; background_repeat=&#8221;repeat&#8221; max_width=&#8221;1080px&#8221; custom_padding=&#8221;0|0px|24.2188px|0px|false|false&#8221; global_colors_info=&#8221;{}&#8221;][et_pb_column type=&#8221;4_4&#8243; _builder_version=&#8221;4.16&#8243; custom_padding=&#8221;|||&#8221; global_colors_info=&#8221;{}&#8221; custom_padding__hover=&#8221;|||&#8221;][et_pb_toggle title=&#8221;COMPLIMENT LLEI DE PROTECCI\u00d3 DE DADES RPGD&#8221; open_toggle_text_color=&#8221;#000000&#8243; open_toggle_background_color=&#8221;#FFFFFF&#8221; closed_toggle_background_color=&#8221;#FFFFFF&#8221; icon_color=&#8221;#009ca6&#8243; open_icon_color=&#8221;#009ca6&#8243; disabled_on=&#8221;off|off|off&#8221; _builder_version=&#8221;4.27.4&#8243; title_text_color=&#8221;#000000&#8243; z_index_tablet=&#8221;500&#8243; border_color_all=&#8221;#000000&#8243; global_colors_info=&#8221;{}&#8221;]<\/p>\n<p>Responsable: CENTROS DE PREPARACI\u00d3N INNOVA, S.L., con CIF B87545505<br \/>Finalitat: Proporcionar informaci\u00f3 sobre els nostres serveis.<br \/>Legitimaci\u00f3: Consentiment de l&#8217;interessat.<br \/>Destinataris: No se cediran dades a tercers, excepte obligaci\u00f3 legal.<br \/>Drets: Accedir, rectificar, suprimir les dades i altres drets, com s&#8217;explica en la informaci\u00f3 addicional.<br \/>Informaci\u00f3 addicional:\u00a0<a href=\"https:\/\/www.practicbcn.com\/ca\/avis-legal-rgpd\/\" target=\"_blank\" rel=\"noopener noreferrer\">Pol\u00edtica de privacidat i RGPD<\/a><\/p>\n<p>[\/et_pb_toggle][\/et_pb_column][\/et_pb_row][\/et_pb_section][et_pb_section fb_built=&#8221;1&#8243; _builder_version=&#8221;4.27.4&#8243; _module_preset=&#8221;default&#8221; background_image=&#8221;https:\/\/www.practicbcn.com\/wp-content\/uploads\/2021\/08\/Footer-practic-Academia-de-oposiciones-Barcelona_Mesa-de-trabajo-1-copia-5.jpg&#8221; saved_tabs=&#8221;all&#8221; global_colors_info=&#8221;{}&#8221;][et_pb_row make_equal=&#8221;on&#8221; custom_padding_last_edited=&#8221;on|phone&#8221; _builder_version=&#8221;4.16&#8243; _module_preset=&#8221;default&#8221; background_enable_image=&#8221;off&#8221; background_size=&#8221;contain&#8221; width=&#8221;100%&#8221; width_tablet=&#8221;&#8221; width_phone=&#8221;90%&#8221; width_last_edited=&#8221;on|phone&#8221; max_width=&#8221;1920px&#8221; custom_padding=&#8221;||||false|false&#8221; custom_padding_tablet=&#8221;&#8221; custom_padding_phone=&#8221;0px||0px||true|false&#8221; global_colors_info=&#8221;{}&#8221;][et_pb_column type=&#8221;4_4&#8243; _builder_version=&#8221;4.16&#8243; _module_preset=&#8221;default&#8221; global_colors_info=&#8221;{}&#8221;][et_pb_text _builder_version=&#8221;4.27.4&#8243; _module_preset=&#8221;default&#8221; text_font=&#8221;Montserrat|900|||||||&#8221; text_text_color=&#8221;#FFFFFF&#8221; text_font_size=&#8221;55px&#8221; text_line_height=&#8221;1.4em&#8221; header_2_font=&#8221;Montserrat|900|||||||&#8221; header_2_text_align=&#8221;center&#8221; header_2_text_color=&#8221;#FFFFFF&#8221; header_2_font_size=&#8221;70px&#8221; header_3_font=&#8221;Montserrat|700|||||||&#8221; header_3_text_align=&#8221;center&#8221; header_3_text_color=&#8221;#FFFFFF&#8221; header_3_font_size=&#8221;36px&#8221; header_3_line_height=&#8221;1.7em&#8221; text_orientation=&#8221;center&#8221; hover_enabled=&#8221;0&#8243; text_font_size_tablet=&#8221;&#8221; text_font_size_phone=&#8221;30px&#8221; text_font_size_last_edited=&#8221;on|phone&#8221; header_2_font_size_tablet=&#8221;&#8221; header_2_font_size_phone=&#8221;45px&#8221; header_2_font_size_last_edited=&#8221;on|phone&#8221; header_3_font_size_tablet=&#8221;&#8221; header_3_font_size_phone=&#8221;26px&#8221; header_3_font_size_last_edited=&#8221;on|phone&#8221; global_colors_info=&#8221;{}&#8221; sticky_enabled=&#8221;0&#8243;]<\/p>\n<h2>Truca ara<\/h2>\n<p>T\u2019informem desseguida<\/p>\n<h3><a href=\"tel:678068677\">678 068 677<\/a><a href=\"https:\/\/goo.gl\/maps\/a5aFnMc2ws1tR1AL8\"><\/a><\/h3>\n<p>[\/et_pb_text][\/et_pb_column][\/et_pb_row][\/et_pb_section]<\/p>\n","protected":false},"excerpt":{"rendered":"<p>Contacta ambPractic BcnEstarem molt contentsd\u00b4ajudar-teResponsable: CENTROS DE PREPARACI\u00d3N INNOVA, S.L., con CIF B87545505Finalitat: Proporcionar informaci\u00f3 sobre els nostres serveis.Legitimaci\u00f3: Consentiment de l&#8217;interessat.Destinataris: No se cediran dades a tercers, excepte obligaci\u00f3 legal.Drets: Accedir, rectificar, suprimir les dades i altres drets, com s&#8217;explica en la informaci\u00f3 addicional.Informaci\u00f3 addicional:\u00a0Pol\u00edtica de privacidat i RGPDTruca ara T\u2019informem desseguida 678 068 [&hellip;]<\/p>\n","protected":false},"author":3,"featured_media":0,"parent":0,"menu_order":0,"comment_status":"closed","ping_status":"closed","template":"","meta":{"_et_pb_use_builder":"on","_et_pb_old_content":"","_et_gb_content_width":"","footnotes":""},"class_list":["post-2228","page","type-page","status-publish","hentry"],"yoast_head":"<!-- This site is optimized with the Yoast SEO Premium plugin v22.8 (Yoast SEO v27.2) - https:\/\/yoast.com\/product\/yoast-seo-premium-wordpress\/ -->\n<title>contacta ara amb Practic - Acad\u00e8mia Oposicions Barcelona Practic BCN<\/title>\n<meta name=\"description\" content=\"Contacta ara \u2705 Prepara&#039;t en la millor acad\u00e8mia centre de preparaci\u00f3 d&#039;oposicions a Barcelona amb l&#039;ajuda dels millors professionals del sector.\" \/>\n<meta name=\"robots\" content=\"noindex, follow\" \/>\n<meta property=\"og:locale\" content=\"ca_ES\" \/>\n<meta property=\"og:type\" content=\"article\" \/>\n<meta property=\"og:title\" content=\"Contacte\" \/>\n<meta property=\"og:description\" content=\"Contacta ara \u2705 Prepara&#039;t en la millor acad\u00e8mia centre de preparaci\u00f3 d&#039;oposicions a Barcelona amb l&#039;ajuda dels millors professionals del sector.\" \/>\n<meta property=\"og:url\" content=\"https:\/\/www.practicbcn.com\/ca\/contacta-ara\/\" \/>\n<meta property=\"og:site_name\" content=\"academia oposiciones Barcelona\" \/>\n<meta property=\"article:modified_time\" content=\"2026-01-22T16:00:33+00:00\" \/>\n<meta name=\"twitter:card\" content=\"summary_large_image\" \/>\n<meta name=\"twitter:label1\" content=\"Temps estimat de lectura\" \/>\n\t<meta name=\"twitter:data1\" content=\"4 minuts\" \/>\n<script type=\"application\/ld+json\" class=\"yoast-schema-graph\">{\"@context\":\"https:\/\/schema.org\",\"@graph\":[{\"@type\":\"WebPage\",\"@id\":\"https:\/\/www.practicbcn.com\/ca\/contacta-ara\/\",\"url\":\"https:\/\/www.practicbcn.com\/ca\/contacta-ara\/\",\"name\":\"contacta ara amb Practic - Acad\u00e8mia Oposicions Barcelona Practic BCN\",\"isPartOf\":{\"@id\":\"https:\/\/www.practicbcn.com\/ca\/#website\"},\"datePublished\":\"2018-06-15T07:10:34+00:00\",\"dateModified\":\"2026-01-22T16:00:33+00:00\",\"description\":\"Contacta ara \u2705 Prepara't en la millor acad\u00e8mia centre de preparaci\u00f3 d'oposicions a Barcelona amb l'ajuda dels millors professionals del sector.\",\"breadcrumb\":{\"@id\":\"https:\/\/www.practicbcn.com\/ca\/contacta-ara\/#breadcrumb\"},\"inLanguage\":\"ca\",\"potentialAction\":[{\"@type\":\"ReadAction\",\"target\":[\"https:\/\/www.practicbcn.com\/ca\/contacta-ara\/\"]}]},{\"@type\":\"BreadcrumbList\",\"@id\":\"https:\/\/www.practicbcn.com\/ca\/contacta-ara\/#breadcrumb\",\"itemListElement\":[{\"@type\":\"ListItem\",\"position\":1,\"name\":\"Portada\",\"item\":\"https:\/\/www.practicbcn.com\/ca\/\"},{\"@type\":\"ListItem\",\"position\":2,\"name\":\"Contacte\"}]},{\"@type\":\"WebSite\",\"@id\":\"https:\/\/www.practicbcn.com\/ca\/#website\",\"url\":\"https:\/\/www.practicbcn.com\/ca\/\",\"name\":\"academia oposiciones Barcelona\",\"description\":\"academia oposiciones Barcelona PracticBCN Preparaci\u00f3n de opositores\",\"publisher\":{\"@id\":\"https:\/\/www.practicbcn.com\/ca\/#organization\"},\"potentialAction\":[{\"@type\":\"SearchAction\",\"target\":{\"@type\":\"EntryPoint\",\"urlTemplate\":\"https:\/\/www.practicbcn.com\/ca\/?s={search_term_string}\"},\"query-input\":{\"@type\":\"PropertyValueSpecification\",\"valueRequired\":true,\"valueName\":\"search_term_string\"}}],\"inLanguage\":\"ca\"},{\"@type\":\"Organization\",\"@id\":\"https:\/\/www.practicbcn.com\/ca\/#organization\",\"name\":\"Practic BCN\",\"url\":\"https:\/\/www.practicbcn.com\/ca\/\",\"logo\":{\"@type\":\"ImageObject\",\"inLanguage\":\"ca\",\"@id\":\"https:\/\/www.practicbcn.com\/ca\/#\/schema\/logo\/image\/\",\"url\":\"https:\/\/www.practicbcn.com\/wp-content\/uploads\/2018\/01\/LOGO-PRACTIC.jpg\",\"contentUrl\":\"https:\/\/www.practicbcn.com\/wp-content\/uploads\/2018\/01\/LOGO-PRACTIC.jpg\",\"width\":679,\"height\":676,\"caption\":\"Practic BCN\"},\"image\":{\"@id\":\"https:\/\/www.practicbcn.com\/ca\/#\/schema\/logo\/image\/\"}}]}<\/script>\n<!-- \/ Yoast SEO Premium plugin. -->","yoast_head_json":{"title":"contacta ara amb Practic - Acad\u00e8mia Oposicions Barcelona Practic BCN","description":"Contacta ara \u2705 Prepara't en la millor acad\u00e8mia centre de preparaci\u00f3 d'oposicions a Barcelona amb l'ajuda dels millors professionals del sector.","robots":{"index":"noindex","follow":"follow"},"og_locale":"ca_ES","og_type":"article","og_title":"Contacte","og_description":"Contacta ara \u2705 Prepara't en la millor acad\u00e8mia centre de preparaci\u00f3 d'oposicions a Barcelona amb l'ajuda dels millors professionals del sector.","og_url":"https:\/\/www.practicbcn.com\/ca\/contacta-ara\/","og_site_name":"academia oposiciones Barcelona","article_modified_time":"2026-01-22T16:00:33+00:00","twitter_card":"summary_large_image","twitter_misc":{"Temps estimat de lectura":"4 minuts"},"schema":{"@context":"https:\/\/schema.org","@graph":[{"@type":"WebPage","@id":"https:\/\/www.practicbcn.com\/ca\/contacta-ara\/","url":"https:\/\/www.practicbcn.com\/ca\/contacta-ara\/","name":"contacta ara amb Practic - Acad\u00e8mia Oposicions Barcelona Practic BCN","isPartOf":{"@id":"https:\/\/www.practicbcn.com\/ca\/#website"},"datePublished":"2018-06-15T07:10:34+00:00","dateModified":"2026-01-22T16:00:33+00:00","description":"Contacta ara \u2705 Prepara't en la millor acad\u00e8mia centre de preparaci\u00f3 d'oposicions a Barcelona amb l'ajuda dels millors professionals del sector.","breadcrumb":{"@id":"https:\/\/www.practicbcn.com\/ca\/contacta-ara\/#breadcrumb"},"inLanguage":"ca","potentialAction":[{"@type":"ReadAction","target":["https:\/\/www.practicbcn.com\/ca\/contacta-ara\/"]}]},{"@type":"BreadcrumbList","@id":"https:\/\/www.practicbcn.com\/ca\/contacta-ara\/#breadcrumb","itemListElement":[{"@type":"ListItem","position":1,"name":"Portada","item":"https:\/\/www.practicbcn.com\/ca\/"},{"@type":"ListItem","position":2,"name":"Contacte"}]},{"@type":"WebSite","@id":"https:\/\/www.practicbcn.com\/ca\/#website","url":"https:\/\/www.practicbcn.com\/ca\/","name":"academia oposiciones Barcelona","description":"academia oposiciones Barcelona PracticBCN Preparaci\u00f3n de opositores","publisher":{"@id":"https:\/\/www.practicbcn.com\/ca\/#organization"},"potentialAction":[{"@type":"SearchAction","target":{"@type":"EntryPoint","urlTemplate":"https:\/\/www.practicbcn.com\/ca\/?s={search_term_string}"},"query-input":{"@type":"PropertyValueSpecification","valueRequired":true,"valueName":"search_term_string"}}],"inLanguage":"ca"},{"@type":"Organization","@id":"https:\/\/www.practicbcn.com\/ca\/#organization","name":"Practic BCN","url":"https:\/\/www.practicbcn.com\/ca\/","logo":{"@type":"ImageObject","inLanguage":"ca","@id":"https:\/\/www.practicbcn.com\/ca\/#\/schema\/logo\/image\/","url":"https:\/\/www.practicbcn.com\/wp-content\/uploads\/2018\/01\/LOGO-PRACTIC.jpg","contentUrl":"https:\/\/www.practicbcn.com\/wp-content\/uploads\/2018\/01\/LOGO-PRACTIC.jpg","width":679,"height":676,"caption":"Practic BCN"},"image":{"@id":"https:\/\/www.practicbcn.com\/ca\/#\/schema\/logo\/image\/"}}]}},"_links":{"self":[{"href":"https:\/\/www.practicbcn.com\/ca\/wp-json\/wp\/v2\/pages\/2228","targetHints":{"allow":["GET"]}}],"collection":[{"href":"https:\/\/www.practicbcn.com\/ca\/wp-json\/wp\/v2\/pages"}],"about":[{"href":"https:\/\/www.practicbcn.com\/ca\/wp-json\/wp\/v2\/types\/page"}],"author":[{"embeddable":true,"href":"https:\/\/www.practicbcn.com\/ca\/wp-json\/wp\/v2\/users\/3"}],"replies":[{"embeddable":true,"href":"https:\/\/www.practicbcn.com\/ca\/wp-json\/wp\/v2\/comments?post=2228"}],"version-history":[{"count":1,"href":"https:\/\/www.practicbcn.com\/ca\/wp-json\/wp\/v2\/pages\/2228\/revisions"}],"predecessor-version":[{"id":27389,"href":"https:\/\/www.practicbcn.com\/ca\/wp-json\/wp\/v2\/pages\/2228\/revisions\/27389"}],"wp:attachment":[{"href":"https:\/\/www.practicbcn.com\/ca\/wp-json\/wp\/v2\/media?parent=2228"}],"curies":[{"name":"wp","href":"https:\/\/api.w.org\/{rel}","templated":true}]}}