{"id":2224,"date":"2018-06-13T17:53:13","date_gmt":"2018-06-13T17:53:13","guid":{"rendered":"https:\/\/www.practicbcn.com\/campusvirtual\/"},"modified":"2022-10-27T08:58:04","modified_gmt":"2022-10-27T08:58:04","slug":"campus-virtual","status":"publish","type":"page","link":"https:\/\/www.practicbcn.com\/ca\/campus-virtual\/","title":{"rendered":"Campus Virtual"},"content":{"rendered":"<p><span style=\"font-size: 12pt;\">Si eres alumno de Practic, introduce tu usuario y contrase\u00f1a y tendr\u00e1s acceso a todo el temario y la informaci\u00f3n que necesites est\u00e9s donde est\u00e9s. Accede a las aulas virtuales:<\/span><\/p>\n<p>&nbsp;<\/p>\n<p style=\"text-align: center;\"><span style=\"font-size: 12pt;\"><a href='https:\/\/www.campusvirtual.info\/login\/index.php' class='big-button bigblue'>Oposiciones Correos<\/a> \u00a0<\/span><span style=\"font-size: 12pt;\"><a href='https:\/\/www.practicbcn.com\/campusvirtual\/' class='big-button bigblue'>Otras oposiciones<\/a> <\/span><\/p>\n<p>&nbsp;<\/p>\n<p>&nbsp;<\/p>\n<p style=\"text-align: center;\"><span style=\"font-size: 12pt;\">\u00a0<\/span><\/p>\n","protected":false},"excerpt":{"rendered":"<p>Si eres alumno de Practic, introduce tu usuario y contrase\u00f1a y tendr\u00e1s acceso a todo el temario y la informaci\u00f3n que necesites est\u00e9s donde est\u00e9s. Accede a las aulas virtuales: &nbsp; \u00a0 &nbsp; &nbsp; \u00a0<\/p>\n","protected":false},"author":3,"featured_media":0,"parent":0,"menu_order":0,"comment_status":"closed","ping_status":"closed","template":"","meta":{"_et_pb_use_builder":"","_et_pb_old_content":"","_et_gb_content_width":"","footnotes":""},"class_list":["post-2224","page","type-page","status-publish","hentry"],"yoast_head":"<!-- This site is optimized with the Yoast SEO Premium plugin v22.8 (Yoast SEO v27.2) - https:\/\/yoast.com\/product\/yoast-seo-premium-wordpress\/ -->\n<title>Campus Virtual - academia oposiciones Barcelona<\/title>\n<meta name=\"robots\" content=\"noindex, follow\" \/>\n<meta property=\"og:locale\" content=\"ca_ES\" \/>\n<meta property=\"og:type\" content=\"article\" \/>\n<meta property=\"og:title\" content=\"Campus Virtual\" \/>\n<meta property=\"og:description\" content=\"Si eres alumno de Practic, introduce tu usuario y contrase\u00f1a y tendr\u00e1s acceso a todo el temario y la informaci\u00f3n que necesites est\u00e9s donde est\u00e9s. Accede a las aulas virtuales: &nbsp; \u00a0 &nbsp; &nbsp; \u00a0\" \/>\n<meta property=\"og:url\" content=\"https:\/\/www.practicbcn.com\/ca\/campus-virtual\/\" \/>\n<meta property=\"og:site_name\" content=\"academia oposiciones Barcelona\" \/>\n<meta property=\"article:modified_time\" content=\"2022-10-27T08:58:04+00:00\" \/>\n<meta name=\"twitter:card\" content=\"summary_large_image\" \/>\n<script type=\"application\/ld+json\" class=\"yoast-schema-graph\">{\"@context\":\"https:\/\/schema.org\",\"@graph\":[{\"@type\":\"WebPage\",\"@id\":\"https:\/\/www.practicbcn.com\/ca\/campus-virtual\/\",\"url\":\"https:\/\/www.practicbcn.com\/ca\/campus-virtual\/\",\"name\":\"Campus Virtual - academia oposiciones Barcelona\",\"isPartOf\":{\"@id\":\"https:\/\/www.practicbcn.com\/ca\/#website\"},\"datePublished\":\"2018-06-13T17:53:13+00:00\",\"dateModified\":\"2022-10-27T08:58:04+00:00\",\"breadcrumb\":{\"@id\":\"https:\/\/www.practicbcn.com\/ca\/campus-virtual\/#breadcrumb\"},\"inLanguage\":\"ca\",\"potentialAction\":[{\"@type\":\"ReadAction\",\"target\":[\"https:\/\/www.practicbcn.com\/ca\/campus-virtual\/\"]}]},{\"@type\":\"BreadcrumbList\",\"@id\":\"https:\/\/www.practicbcn.com\/ca\/campus-virtual\/#breadcrumb\",\"itemListElement\":[{\"@type\":\"ListItem\",\"position\":1,\"name\":\"Portada\",\"item\":\"https:\/\/www.practicbcn.com\/ca\/\"},{\"@type\":\"ListItem\",\"position\":2,\"name\":\"Campus Virtual\"}]},{\"@type\":\"WebSite\",\"@id\":\"https:\/\/www.practicbcn.com\/ca\/#website\",\"url\":\"https:\/\/www.practicbcn.com\/ca\/\",\"name\":\"academia oposiciones Barcelona\",\"description\":\"academia oposiciones Barcelona PracticBCN Preparaci\u00f3n de opositores\",\"publisher\":{\"@id\":\"https:\/\/www.practicbcn.com\/ca\/#organization\"},\"potentialAction\":[{\"@type\":\"SearchAction\",\"target\":{\"@type\":\"EntryPoint\",\"urlTemplate\":\"https:\/\/www.practicbcn.com\/ca\/?s={search_term_string}\"},\"query-input\":{\"@type\":\"PropertyValueSpecification\",\"valueRequired\":true,\"valueName\":\"search_term_string\"}}],\"inLanguage\":\"ca\"},{\"@type\":\"Organization\",\"@id\":\"https:\/\/www.practicbcn.com\/ca\/#organization\",\"name\":\"Practic BCN\",\"url\":\"https:\/\/www.practicbcn.com\/ca\/\",\"logo\":{\"@type\":\"ImageObject\",\"inLanguage\":\"ca\",\"@id\":\"https:\/\/www.practicbcn.com\/ca\/#\/schema\/logo\/image\/\",\"url\":\"https:\/\/www.practicbcn.com\/wp-content\/uploads\/2018\/01\/LOGO-PRACTIC.jpg\",\"contentUrl\":\"https:\/\/www.practicbcn.com\/wp-content\/uploads\/2018\/01\/LOGO-PRACTIC.jpg\",\"width\":679,\"height\":676,\"caption\":\"Practic BCN\"},\"image\":{\"@id\":\"https:\/\/www.practicbcn.com\/ca\/#\/schema\/logo\/image\/\"}}]}<\/script>\n<!-- \/ Yoast SEO Premium plugin. -->","yoast_head_json":{"title":"Campus Virtual - academia oposiciones Barcelona","robots":{"index":"noindex","follow":"follow"},"og_locale":"ca_ES","og_type":"article","og_title":"Campus Virtual","og_description":"Si eres alumno de Practic, introduce tu usuario y contrase\u00f1a y tendr\u00e1s acceso a todo el temario y la informaci\u00f3n que necesites est\u00e9s donde est\u00e9s. Accede a las aulas virtuales: &nbsp; \u00a0 &nbsp; &nbsp; \u00a0","og_url":"https:\/\/www.practicbcn.com\/ca\/campus-virtual\/","og_site_name":"academia oposiciones Barcelona","article_modified_time":"2022-10-27T08:58:04+00:00","twitter_card":"summary_large_image","schema":{"@context":"https:\/\/schema.org","@graph":[{"@type":"WebPage","@id":"https:\/\/www.practicbcn.com\/ca\/campus-virtual\/","url":"https:\/\/www.practicbcn.com\/ca\/campus-virtual\/","name":"Campus Virtual - academia oposiciones Barcelona","isPartOf":{"@id":"https:\/\/www.practicbcn.com\/ca\/#website"},"datePublished":"2018-06-13T17:53:13+00:00","dateModified":"2022-10-27T08:58:04+00:00","breadcrumb":{"@id":"https:\/\/www.practicbcn.com\/ca\/campus-virtual\/#breadcrumb"},"inLanguage":"ca","potentialAction":[{"@type":"ReadAction","target":["https:\/\/www.practicbcn.com\/ca\/campus-virtual\/"]}]},{"@type":"BreadcrumbList","@id":"https:\/\/www.practicbcn.com\/ca\/campus-virtual\/#breadcrumb","itemListElement":[{"@type":"ListItem","position":1,"name":"Portada","item":"https:\/\/www.practicbcn.com\/ca\/"},{"@type":"ListItem","position":2,"name":"Campus Virtual"}]},{"@type":"WebSite","@id":"https:\/\/www.practicbcn.com\/ca\/#website","url":"https:\/\/www.practicbcn.com\/ca\/","name":"academia oposiciones Barcelona","description":"academia oposiciones Barcelona PracticBCN Preparaci\u00f3n de opositores","publisher":{"@id":"https:\/\/www.practicbcn.com\/ca\/#organization"},"potentialAction":[{"@type":"SearchAction","target":{"@type":"EntryPoint","urlTemplate":"https:\/\/www.practicbcn.com\/ca\/?s={search_term_string}"},"query-input":{"@type":"PropertyValueSpecification","valueRequired":true,"valueName":"search_term_string"}}],"inLanguage":"ca"},{"@type":"Organization","@id":"https:\/\/www.practicbcn.com\/ca\/#organization","name":"Practic BCN","url":"https:\/\/www.practicbcn.com\/ca\/","logo":{"@type":"ImageObject","inLanguage":"ca","@id":"https:\/\/www.practicbcn.com\/ca\/#\/schema\/logo\/image\/","url":"https:\/\/www.practicbcn.com\/wp-content\/uploads\/2018\/01\/LOGO-PRACTIC.jpg","contentUrl":"https:\/\/www.practicbcn.com\/wp-content\/uploads\/2018\/01\/LOGO-PRACTIC.jpg","width":679,"height":676,"caption":"Practic BCN"},"image":{"@id":"https:\/\/www.practicbcn.com\/ca\/#\/schema\/logo\/image\/"}}]}},"_links":{"self":[{"href":"https:\/\/www.practicbcn.com\/ca\/wp-json\/wp\/v2\/pages\/2224","targetHints":{"allow":["GET"]}}],"collection":[{"href":"https:\/\/www.practicbcn.com\/ca\/wp-json\/wp\/v2\/pages"}],"about":[{"href":"https:\/\/www.practicbcn.com\/ca\/wp-json\/wp\/v2\/types\/page"}],"author":[{"embeddable":true,"href":"https:\/\/www.practicbcn.com\/ca\/wp-json\/wp\/v2\/users\/3"}],"replies":[{"embeddable":true,"href":"https:\/\/www.practicbcn.com\/ca\/wp-json\/wp\/v2\/comments?post=2224"}],"version-history":[{"count":0,"href":"https:\/\/www.practicbcn.com\/ca\/wp-json\/wp\/v2\/pages\/2224\/revisions"}],"wp:attachment":[{"href":"https:\/\/www.practicbcn.com\/ca\/wp-json\/wp\/v2\/media?parent=2224"}],"curies":[{"name":"wp","href":"https:\/\/api.w.org\/{rel}","templated":true}]}}